{"id":2973,"date":"2025-05-22T10:04:11","date_gmt":"2025-05-22T10:04:11","guid":{"rendered":"https:\/\/pablocastano.info\/?page_id=2973"},"modified":"2025-06-13T07:41:27","modified_gmt":"2025-06-13T07:41:27","slug":"contacto","status":"publish","type":"page","link":"https:\/\/pablocastano.info\/en\/contacto\/","title":{"rendered":"Contacto"},"content":{"rendered":"\t\t<div data-elementor-type=\"wp-page\" data-elementor-id=\"2973\" class=\"elementor elementor-2973\" data-elementor-post-type=\"page\">\n\t\t\t\t<div class=\"elementor-element elementor-element-337346a6 e-flex e-con-boxed e-con e-parent\" data-id=\"337346a6\" data-element_type=\"container\">\n\t\t\t\t\t<div class=\"e-con-inner\">\n\t\t<div class=\"elementor-element elementor-element-297d452d e-con-full e-flex e-con e-child\" data-id=\"297d452d\" data-element_type=\"container\">\n\t\t\t\t<div class=\"elementor-element elementor-element-f2f6b7f elementor-widget elementor-widget-heading\" data-id=\"f2f6b7f\" data-element_type=\"widget\" data-widget_type=\"heading.default\">\n\t\t\t\t<div class=\"elementor-widget-container\">\n\t\t\t\t\t<h2 class=\"elementor-heading-title elementor-size-default\"><a href=\"#\">Contacto<\/a><\/h2>\t\t\t\t<\/div>\n\t\t\t\t<\/div>\n\t\t\t\t<\/div>\n\t\t\t\t\t<\/div>\n\t\t\t\t<\/div>\n\t\t<div class=\"elementor-element elementor-element-27eca3f4 e-flex e-con-boxed e-con e-parent\" data-id=\"27eca3f4\" data-element_type=\"container\" data-settings=\"{&quot;background_background&quot;:&quot;classic&quot;}\">\n\t\t\t\t\t<div class=\"e-con-inner\">\n\t\t<div class=\"elementor-element elementor-element-2f3591e2 e-con-full e-flex e-con e-child\" data-id=\"2f3591e2\" data-element_type=\"container\">\n\t\t\t\t<div class=\"elementor-element elementor-element-6ee5e3c1 elementor-widget elementor-widget-heading\" data-id=\"6ee5e3c1\" data-element_type=\"widget\" data-widget_type=\"heading.default\">\n\t\t\t\t<div class=\"elementor-widget-container\">\n\t\t\t\t\t<h2 class=\"elementor-heading-title elementor-size-default\">Contacta conmigo a trav\u00e9s de este formulario<\/h2>\t\t\t\t<\/div>\n\t\t\t\t<\/div>\n\t\t\t\t<\/div>\n\t\t<div class=\"elementor-element elementor-element-42425ab6 e-con-full e-flex e-con e-child\" data-id=\"42425ab6\" data-element_type=\"container\">\n\t\t\t\t<div class=\"elementor-element elementor-element-4697452e elementor-widget elementor-widget-wpforms\" data-id=\"4697452e\" data-element_type=\"widget\" data-widget_type=\"wpforms.default\">\n\t\t\t\t<div class=\"elementor-widget-container\">\n\t\t\t\t\t<div class=\"wpforms-container \" id=\"wpforms-2975\"><form id=\"wpforms-form-2975\" class=\"wpforms-validate wpforms-form wpforms-ajax-form\" data-formid=\"2975\" method=\"post\" enctype=\"multipart\/form-data\" action=\"\/en\/wp-json\/wp\/v2\/pages\/2973\" data-token=\"03c391d02e52f333a6f52acf6ba04a6c\" data-token-time=\"1775399925\"><noscript class=\"wpforms-error-noscript\">Please enable JavaScript in your browser to complete this form.<\/noscript><div class=\"wpforms-field-container\"><div id=\"wpforms-2975-field_1-container\" class=\"wpforms-field wpforms-field-name\" data-field-id=\"1\"><label class=\"wpforms-field-label\" for=\"wpforms-2975-field_1\">Nombre <span class=\"wpforms-required-label\">*<\/span><\/label><input type=\"text\" id=\"wpforms-2975-field_1\" class=\"wpforms-field-large wpforms-field-required\" name=\"wpforms[fields][1]\" required><\/div><div id=\"wpforms-2975-field_2-container\" class=\"wpforms-field wpforms-field-email\" data-field-id=\"2\"><label class=\"wpforms-field-label\" for=\"wpforms-2975-field_2\">Correo electr\u00f3nico <span class=\"wpforms-required-label\">*<\/span><\/label><input type=\"email\" id=\"wpforms-2975-field_2\" class=\"wpforms-field-large wpforms-field-required\" name=\"wpforms[fields][2]\" spellcheck=\"false\" required><\/div>\t\t<div id=\"wpforms-2975-field_4-container\"\n\t\t\tclass=\"wpforms-field wpforms-field-text\"\n\t\t\tdata-field-type=\"text\"\n\t\t\tdata-field-id=\"4\"\n\t\t\t>\n\t\t\t<label class=\"wpforms-field-label\" for=\"wpforms-2975-field_4\" >Nombre Mensaje electr\u00f3nico<\/label>\n\t\t\t<input type=\"text\" id=\"wpforms-2975-field_4\" class=\"wpforms-field-medium\" name=\"wpforms[fields][4]\" >\n\t\t<\/div>\n\t\t<div id=\"wpforms-2975-field_3-container\" class=\"wpforms-field wpforms-field-textarea\" data-field-id=\"3\"><label class=\"wpforms-field-label\" for=\"wpforms-2975-field_3\">Mensaje<\/label><textarea id=\"wpforms-2975-field_3\" class=\"wpforms-field-medium\" name=\"wpforms[fields][3]\" ><\/textarea><\/div><script>\n\t\t\t\t( function() {\n\t\t\t\t\tconst style = document.createElement( 'style' );\n\t\t\t\t\tstyle.appendChild( document.createTextNode( '#wpforms-2975-field_4-container { position: absolute !important; overflow: hidden !important; display: inline !important; height: 1px !important; width: 1px !important; z-index: -1000 !important; padding: 0 !important; } #wpforms-2975-field_4-container input { visibility: hidden; } #wpforms-conversational-form-page #wpforms-2975-field_4-container label { counter-increment: none; }' ) );\n\t\t\t\t\tdocument.head.appendChild( style );\n\t\t\t\t\tdocument.currentScript?.remove();\n\t\t\t\t} )();\n\t\t\t<\/script><\/div><!-- .wpforms-field-container --><div class=\"wpforms-submit-container\" ><input type=\"hidden\" name=\"wpforms[id]\" value=\"2975\"><input type=\"hidden\" name=\"page_title\" value=\"\"><input type=\"hidden\" name=\"page_url\" value=\"https:\/\/pablocastano.info\/en\/wp-json\/wp\/v2\/pages\/2973\"><input type=\"hidden\" name=\"url_referer\" value=\"\"><button type=\"submit\" name=\"wpforms[submit]\" id=\"wpforms-submit-2975\" class=\"wpforms-submit\" data-alt-text=\"Enviando...\" data-submit-text=\"Enviar\" aria-live=\"assertive\" value=\"wpforms-submit\">Enviar<\/button><img decoding=\"async\" src=\"https:\/\/pablocastano.info\/wp-content\/plugins\/wpforms-lite\/assets\/images\/submit-spin.svg\" class=\"wpforms-submit-spinner\" style=\"display: none;\" width=\"26\" height=\"26\" alt=\"Loading\"><\/div><\/form><\/div>  <!-- .wpforms-container -->\t\t\t\t<\/div>\n\t\t\t\t<\/div>\n\t\t\t\t<\/div>\n\t\t\t\t\t<\/div>\n\t\t\t\t<\/div>\n\t\t\t\t<\/div>\n\t\t","protected":false},"excerpt":{"rendered":"<p>Contacto Contacta conmigo a trav\u00e9s de este formulario Por favor, activa JavaScript en tu navegador para completar este formulario.Nombre *Correo electr\u00f3nico *Mensaje Enviar<\/p>","protected":false},"author":2,"featured_media":0,"parent":0,"menu_order":0,"comment_status":"closed","ping_status":"closed","template":"","meta":{"site-sidebar-layout":"no-sidebar","site-content-layout":"page-builder","ast-site-content-layout":"full-width-container","site-content-style":"default","site-sidebar-style":"default","ast-global-header-display":"","ast-banner-title-visibility":"","ast-main-header-display":"","ast-hfb-above-header-display":"","ast-hfb-below-header-display":"","ast-hfb-mobile-header-display":"","site-post-title":"disabled","ast-breadcrumbs-content":"","ast-featured-img":"disabled","footer-sml-layout":"","theme-transparent-header-meta":"","adv-header-id-meta":"","stick-header-meta":"","header-above-stick-meta":"","header-main-stick-meta":"","header-below-stick-meta":"","astra-migrate-meta-layouts":"set","ast-page-background-enabled":"default","ast-page-background-meta":{"desktop":{"background-color":"","background-image":"","background-repeat":"repeat","background-position":"center center","background-size":"auto","background-attachment":"scroll","background-type":"","background-media":"","overlay-type":"","overlay-color":"","overlay-opacity":"","overlay-gradient":""},"tablet":{"background-color":"","background-image":"","background-repeat":"repeat","background-position":"center center","background-size":"auto","background-attachment":"scroll","background-type":"","background-media":"","overlay-type":"","overlay-color":"","overlay-opacity":"","overlay-gradient":""},"mobile":{"background-color":"","background-image":"","background-repeat":"repeat","background-position":"center center","background-size":"auto","background-attachment":"scroll","background-type":"","background-media":"","overlay-type":"","overlay-color":"","overlay-opacity":"","overlay-gradient":""}},"ast-content-background-meta":{"desktop":{"background-color":"var(--ast-global-color-5)","background-image":"","background-repeat":"repeat","background-position":"center center","background-size":"auto","background-attachment":"scroll","background-type":"","background-media":"","overlay-type":"","overlay-color":"","overlay-opacity":"","overlay-gradient":""},"tablet":{"background-color":"var(--ast-global-color-5)","background-image":"","background-repeat":"repeat","background-position":"center center","background-size":"auto","background-attachment":"scroll","background-type":"","background-media":"","overlay-type":"","overlay-color":"","overlay-opacity":"","overlay-gradient":""},"mobile":{"background-color":"var(--ast-global-color-5)","background-image":"","background-repeat":"repeat","background-position":"center center","background-size":"auto","background-attachment":"scroll","background-type":"","background-media":"","overlay-type":"","overlay-color":"","overlay-opacity":"","overlay-gradient":""}},"footnotes":""},"class_list":["post-2973","page","type-page","status-publish","hentry"],"yoast_head":"<!-- This site is optimized with the Yoast SEO plugin v25.5 - https:\/\/yoast.com\/wordpress\/plugins\/seo\/ -->\n<title>Contacto - Pablo Casta\u00f1o Tierno<\/title>\n<meta name=\"robots\" content=\"index, follow, max-snippet:-1, max-image-preview:large, max-video-preview:-1\" \/>\n<link rel=\"canonical\" href=\"https:\/\/pablocastano.info\/en\/contacto\/\" \/>\n<meta property=\"og:locale\" content=\"en_US\" \/>\n<meta property=\"og:type\" content=\"article\" \/>\n<meta property=\"og:title\" content=\"Contacto - Pablo Casta\u00f1o Tierno\" \/>\n<meta property=\"og:description\" content=\"Contacto Contacta conmigo a trav\u00e9s de este formulario Por favor, activa JavaScript en tu navegador para completar este formulario.Nombre *Correo electr\u00f3nico *Mensaje Enviar\" \/>\n<meta property=\"og:url\" content=\"https:\/\/pablocastano.info\/en\/contacto\/\" \/>\n<meta property=\"og:site_name\" content=\"Pablo Casta\u00f1o Tierno\" \/>\n<meta property=\"article:modified_time\" content=\"2025-06-13T07:41:27+00:00\" \/>\n<meta property=\"og:image\" content=\"https:\/\/pablocastano.info\/wp-content\/plugins\/wpforms-lite\/assets\/images\/submit-spin.svg\" \/>\n<meta name=\"twitter:card\" content=\"summary_large_image\" \/>\n<meta name=\"twitter:label1\" content=\"Est. reading time\" \/>\n\t<meta name=\"twitter:data1\" content=\"1 minute\" \/>\n<script type=\"application\/ld+json\" class=\"yoast-schema-graph\">{\"@context\":\"https:\/\/schema.org\",\"@graph\":[{\"@type\":\"WebPage\",\"@id\":\"https:\/\/pablocastano.info\/contacto\/\",\"url\":\"https:\/\/pablocastano.info\/contacto\/\",\"name\":\"Contacto - Pablo Casta\u00f1o Tierno\",\"isPartOf\":{\"@id\":\"https:\/\/pablocastano.info\/#website\"},\"primaryImageOfPage\":{\"@id\":\"https:\/\/pablocastano.info\/contacto\/#primaryimage\"},\"image\":{\"@id\":\"https:\/\/pablocastano.info\/contacto\/#primaryimage\"},\"thumbnailUrl\":\"https:\/\/pablocastano.info\/wp-content\/plugins\/wpforms-lite\/assets\/images\/submit-spin.svg\",\"datePublished\":\"2025-05-22T10:04:11+00:00\",\"dateModified\":\"2025-06-13T07:41:27+00:00\",\"breadcrumb\":{\"@id\":\"https:\/\/pablocastano.info\/contacto\/#breadcrumb\"},\"inLanguage\":\"en-US\",\"potentialAction\":[{\"@type\":\"ReadAction\",\"target\":[\"https:\/\/pablocastano.info\/contacto\/\"]}]},{\"@type\":\"ImageObject\",\"inLanguage\":\"en-US\",\"@id\":\"https:\/\/pablocastano.info\/contacto\/#primaryimage\",\"url\":\"https:\/\/pablocastano.info\/wp-content\/plugins\/wpforms-lite\/assets\/images\/submit-spin.svg\",\"contentUrl\":\"https:\/\/pablocastano.info\/wp-content\/plugins\/wpforms-lite\/assets\/images\/submit-spin.svg\"},{\"@type\":\"BreadcrumbList\",\"@id\":\"https:\/\/pablocastano.info\/contacto\/#breadcrumb\",\"itemListElement\":[{\"@type\":\"ListItem\",\"position\":1,\"name\":\"Portada\",\"item\":\"https:\/\/pablocastano.info\/\"},{\"@type\":\"ListItem\",\"position\":2,\"name\":\"Contacto\"}]},{\"@type\":\"WebSite\",\"@id\":\"https:\/\/pablocastano.info\/#website\",\"url\":\"https:\/\/pablocastano.info\/\",\"name\":\"Pablo Casta\u00f1o Tierno\",\"description\":\"Periodista\",\"publisher\":{\"@id\":\"https:\/\/pablocastano.info\/#organization\"},\"potentialAction\":[{\"@type\":\"SearchAction\",\"target\":{\"@type\":\"EntryPoint\",\"urlTemplate\":\"https:\/\/pablocastano.info\/?s={search_term_string}\"},\"query-input\":{\"@type\":\"PropertyValueSpecification\",\"valueRequired\":true,\"valueName\":\"search_term_string\"}}],\"inLanguage\":\"en-US\"},{\"@type\":\"Organization\",\"@id\":\"https:\/\/pablocastano.info\/#organization\",\"name\":\"Pablo Casta\u00f1o Tierno\",\"url\":\"https:\/\/pablocastano.info\/\",\"logo\":{\"@type\":\"ImageObject\",\"inLanguage\":\"en-US\",\"@id\":\"https:\/\/pablocastano.info\/#\/schema\/logo\/image\/\",\"url\":\"https:\/\/pablocastano.info\/wp-content\/uploads\/2025\/04\/cropped-Logo-Pablo-castano-periodista.png\",\"contentUrl\":\"https:\/\/pablocastano.info\/wp-content\/uploads\/2025\/04\/cropped-Logo-Pablo-castano-periodista.png\",\"width\":375,\"height\":362,\"caption\":\"Pablo Casta\u00f1o Tierno\"},\"image\":{\"@id\":\"https:\/\/pablocastano.info\/#\/schema\/logo\/image\/\"}}]}<\/script>\n<!-- \/ Yoast SEO plugin. -->","yoast_head_json":{"title":"Contacto - Pablo Casta\u00f1o Tierno","robots":{"index":"index","follow":"follow","max-snippet":"max-snippet:-1","max-image-preview":"max-image-preview:large","max-video-preview":"max-video-preview:-1"},"canonical":"https:\/\/pablocastano.info\/en\/contacto\/","og_locale":"en_US","og_type":"article","og_title":"Contacto - Pablo Casta\u00f1o Tierno","og_description":"Contacto Contacta conmigo a trav\u00e9s de este formulario Por favor, activa JavaScript en tu navegador para completar este formulario.Nombre *Correo electr\u00f3nico *Mensaje Enviar","og_url":"https:\/\/pablocastano.info\/en\/contacto\/","og_site_name":"Pablo Casta\u00f1o Tierno","article_modified_time":"2025-06-13T07:41:27+00:00","og_image":[{"url":"https:\/\/pablocastano.info\/wp-content\/plugins\/wpforms-lite\/assets\/images\/submit-spin.svg","type":"","width":"","height":""}],"twitter_card":"summary_large_image","twitter_misc":{"Est. reading time":"1 minute"},"schema":{"@context":"https:\/\/schema.org","@graph":[{"@type":"WebPage","@id":"https:\/\/pablocastano.info\/contacto\/","url":"https:\/\/pablocastano.info\/contacto\/","name":"Contacto - Pablo Casta\u00f1o Tierno","isPartOf":{"@id":"https:\/\/pablocastano.info\/#website"},"primaryImageOfPage":{"@id":"https:\/\/pablocastano.info\/contacto\/#primaryimage"},"image":{"@id":"https:\/\/pablocastano.info\/contacto\/#primaryimage"},"thumbnailUrl":"https:\/\/pablocastano.info\/wp-content\/plugins\/wpforms-lite\/assets\/images\/submit-spin.svg","datePublished":"2025-05-22T10:04:11+00:00","dateModified":"2025-06-13T07:41:27+00:00","breadcrumb":{"@id":"https:\/\/pablocastano.info\/contacto\/#breadcrumb"},"inLanguage":"en-US","potentialAction":[{"@type":"ReadAction","target":["https:\/\/pablocastano.info\/contacto\/"]}]},{"@type":"ImageObject","inLanguage":"en-US","@id":"https:\/\/pablocastano.info\/contacto\/#primaryimage","url":"https:\/\/pablocastano.info\/wp-content\/plugins\/wpforms-lite\/assets\/images\/submit-spin.svg","contentUrl":"https:\/\/pablocastano.info\/wp-content\/plugins\/wpforms-lite\/assets\/images\/submit-spin.svg"},{"@type":"BreadcrumbList","@id":"https:\/\/pablocastano.info\/contacto\/#breadcrumb","itemListElement":[{"@type":"ListItem","position":1,"name":"Portada","item":"https:\/\/pablocastano.info\/"},{"@type":"ListItem","position":2,"name":"Contacto"}]},{"@type":"WebSite","@id":"https:\/\/pablocastano.info\/#website","url":"https:\/\/pablocastano.info\/","name":"Pablo Casta\u00f1o Tierno","description":"Periodista","publisher":{"@id":"https:\/\/pablocastano.info\/#organization"},"potentialAction":[{"@type":"SearchAction","target":{"@type":"EntryPoint","urlTemplate":"https:\/\/pablocastano.info\/?s={search_term_string}"},"query-input":{"@type":"PropertyValueSpecification","valueRequired":true,"valueName":"search_term_string"}}],"inLanguage":"en-US"},{"@type":"Organization","@id":"https:\/\/pablocastano.info\/#organization","name":"Pablo Casta\u00f1o Tierno","url":"https:\/\/pablocastano.info\/","logo":{"@type":"ImageObject","inLanguage":"en-US","@id":"https:\/\/pablocastano.info\/#\/schema\/logo\/image\/","url":"https:\/\/pablocastano.info\/wp-content\/uploads\/2025\/04\/cropped-Logo-Pablo-castano-periodista.png","contentUrl":"https:\/\/pablocastano.info\/wp-content\/uploads\/2025\/04\/cropped-Logo-Pablo-castano-periodista.png","width":375,"height":362,"caption":"Pablo Casta\u00f1o Tierno"},"image":{"@id":"https:\/\/pablocastano.info\/#\/schema\/logo\/image\/"}}]}},"_links":{"self":[{"href":"https:\/\/pablocastano.info\/en\/wp-json\/wp\/v2\/pages\/2973","targetHints":{"allow":["GET"]}}],"collection":[{"href":"https:\/\/pablocastano.info\/en\/wp-json\/wp\/v2\/pages"}],"about":[{"href":"https:\/\/pablocastano.info\/en\/wp-json\/wp\/v2\/types\/page"}],"author":[{"embeddable":true,"href":"https:\/\/pablocastano.info\/en\/wp-json\/wp\/v2\/users\/2"}],"replies":[{"embeddable":true,"href":"https:\/\/pablocastano.info\/en\/wp-json\/wp\/v2\/comments?post=2973"}],"version-history":[{"count":10,"href":"https:\/\/pablocastano.info\/en\/wp-json\/wp\/v2\/pages\/2973\/revisions"}],"predecessor-version":[{"id":3070,"href":"https:\/\/pablocastano.info\/en\/wp-json\/wp\/v2\/pages\/2973\/revisions\/3070"}],"wp:attachment":[{"href":"https:\/\/pablocastano.info\/en\/wp-json\/wp\/v2\/media?parent=2973"}],"curies":[{"name":"wp","href":"https:\/\/api.w.org\/{rel}","templated":true}]}}