{"id":2947,"date":"2025-05-22T09:41:35","date_gmt":"2025-05-22T09:41:35","guid":{"rendered":"https:\/\/pablocastano.info\/?page_id=2947"},"modified":"2025-05-22T09:41:35","modified_gmt":"2025-05-22T09:41:35","slug":"declaracion-de-accesibilidad","status":"publish","type":"page","link":"https:\/\/pablocastano.info\/en\/declaracion-de-accesibilidad\/","title":{"rendered":"Declaraci\u00f3n de accesibilidad"},"content":{"rendered":"<p>Pablo Casta\u00f1o Tierno se ha comprometido a hacer accesibles sus sitios web\u00a0de conformidad con el\u00a0<a href=\"https:\/\/www.boe.es\/buscar\/act.php?id=BOE-A-2018-12699\">Real Decreto 1112\/2018, de 7 de septiembre, sobre accesibilidad de los sitios web y aplicaciones para dispositivos m\u00f3viles<\/a>.<\/p>\n\n\n\n<h2 class=\"wp-block-heading\">SITUACI\u00d3N DE CUMPLIMIENTO<\/h2>\n\n\n\n<p>Este sitio web es&nbsp;<strong>parcialmente conforme<\/strong>&nbsp;con el&nbsp;<a href=\"https:\/\/www.boe.es\/diario_boe\/txt.php?id=BOE-A-2018-12699\">RD 1112\/2018<\/a>&nbsp;debido a las excepciones y a la falta de conformidad de los aspectos que se indican a continuaci\u00f3n.<\/p>\n\n\n\n<h2 class=\"wp-block-heading\">CONTENIDO NO ACCESIBLE<\/h2>\n\n\n\n<p>El contenido que se recoge a continuaci\u00f3n no es accesible por lo siguiente:&nbsp;<\/p>\n\n\n\n<ul class=\"wp-block-list\">\n<li><strong>Falta de conformidad con el RD 1112\/2018:<\/strong><ul><li><strong>9.1.3.1 Informaci\u00f3n y relaciones (Condicional):<\/strong>\u00a0La informaci\u00f3n, estructura y relaciones comunicadas a trav\u00e9s de la presentaci\u00f3n pueden ser determinadas por software o est\u00e1n disponibles como texto.<\/li><li><strong>9.1.4.3 Contraste (m\u00ednimo) (Condicional)<\/strong>:La presentaci\u00f3n visual de texto e im\u00e1genes de texto tiene una relaci\u00f3n de contraste de al menos 4,5:1<\/li><\/ul>\n<ul class=\"wp-block-list\">\n<li><strong>9.1.3.5 Identificaci\u00f3n del prop\u00f3sito de la entrada (Condicional)<\/strong>:\n<ul class=\"wp-block-list\">\n<li>El prop\u00f3sito de cada campo de entrada que recoge informaci\u00f3n sobre el usuario puede ser determinado program\u00e1ticamente cuando:<\/li>\n\n\n\n<li>El campo de entrada sirve a un prop\u00f3sito identificado en los prop\u00f3sitos de entrada de los componentes de la interfaz de usuario; y<\/li>\n\n\n\n<li>El contenido se implementa usando tecnolog\u00edas con soporte para identificar el significado esperado de los datos de entrada en formularios.<\/li>\n<\/ul>\n<\/li>\n\n\n\n<li><strong>9.2.1.2 Sin trampas para el foco del teclado (Condicional)<\/strong>: Si es posible mover el foco a un componente de la p\u00e1gina usando una interfaz de teclado, entonces el foco se puede quitar de ese componente usando s\u00f3lo la interfaz de teclado y, si se requiere algo m\u00e1s que las teclas de direcci\u00f3n o de tabulaci\u00f3n, se informa al usuario el m\u00e9todo apropiado para mover el foco. (Nivel A)<\/li>\n\n\n\n<li><strong>9.2.1.4 Atajos del teclado (Condicional):<\/strong>\n<ul class=\"wp-block-list\">\n<li>En el caso de que para activar los elementos de interacci\u00f3n (enlaces, botones, etc.) se empleen atajos de teclado usando una \u00fanica letra, signo de puntuaci\u00f3n, n\u00famero o s\u00edmbolo entonces se debe cumplir al menos una de las siguientes condiciones:<\/li>\n\n\n\n<li>Existe un mecanismo que permite desactivar el atajo de teclado<\/li>\n\n\n\n<li>Existe un mecanismo que permite reasignar el atajo de teclado para emplear en su lugar otra tecla no imprimible (ej, Ctrl, Alt, etc.)<\/li>\n\n\n\n<li>El atajo de teclado s\u00f3lo se puede activar cuando el componente tiene el foco del teclado.<\/li>\n<\/ul>\n<\/li>\n\n\n\n<li><strong>9.2.4.1 Evitar bloques (Condicional):<\/strong>\u00a0Existe un mecanismo para evitar los bloques de contenido que se repiten en m\u00faltiples p\u00e1ginas web. (Nivel A)<\/li>\n\n\n\n<li><strong>9.2.4.7 Foco visible (Condicional):<\/strong>\u00a0Cualquier interfaz de usuario operable por teclado tiene una forma de operar en la cu\u00e1l el indicador del foco del teclado resulta visible. (Nivel AA)<\/li>\n\n\n\n<li><strong>9.2.5.2 Cancelaci\u00f3n del puntero (Condicional):<\/strong>\n<ul class=\"wp-block-list\">\n<li>Para la funcionalidad que puede operarse con un solo puntero, al menos uno de los siguientes es verdadero:<\/li>\n\n\n\n<li>Sin evento descendente: el evento descendente del puntero no se utiliza para ejecutar ninguna parte de la funci\u00f3n;<\/li>\n\n\n\n<li>Abortar o Deshacer: la finalizaci\u00f3n de la funci\u00f3n est\u00e1 en el evento up, y hay un mecanismo disponible para abortar la funci\u00f3n antes de que se complete o para deshacer la funci\u00f3n despu\u00e9s de que se complete;<\/li>\n\n\n\n<li>Inversi\u00f3n ascendente: el evento ascendente invierte cualquier resultado del evento descendente anterior;<\/li>\n\n\n\n<li>Esencial: completar la funci\u00f3n en el evento descendente es esencial.<\/li>\n<\/ul>\n<\/li>\n\n\n\n<li><strong>9.4.1.2 Nombre, funci\u00f3n, valor (Condicional):\u00a0<\/strong>Para todos los componentes de la interfaz de usuario (incluyendo pero no limitado a: elementos de formulario, enlaces y componentes generados por scripts), el nombre y la funci\u00f3n pueden ser determinados por software; los estados, propiedades y valores que pueden ser asignados por el usuario pueden ser especificados por software; y los cambios en estos elementos se encuentran disponibles para su consulta por las aplicaciones de usuario, incluyendo las ayudas t\u00e9cnicas. (Nivel A)<\/li>\n\n\n\n<li><strong>9.4.1.3 Mensajes de estado (Condicional):\u00a0<\/strong>En el contenido implementado utilizando lenguajes de marcado, los mensajes de estado se pueden determinar mediante roles o propiedades, de modo que se puedan presentar al usuario mediante tecnolog\u00edas de asistencia sin recibir atenci\u00f3n.<\/li>\n\n\n\n<li><strong>9.6 Requisitos de conformidad de las Pautas WCAG (Condicional)<\/strong><\/li>\n<\/ul>\n<\/li>\n\n\n\n<li><strong>Carga desproporcionada:<\/strong><\/li>\n<\/ul>\n\n\n\n<p>&nbsp; &nbsp; &nbsp; &nbsp; &nbsp; No aplica.<\/p>\n\n\n\n<h2 class=\"wp-block-heading\">PREPARACI\u00d3N DE LA PRESENTE DECLARACI\u00d3N DE ACCESIBILIDAD<\/h2>\n\n\n\n<p>La presente declaraci\u00f3n fue preparada el 22 de mayo de 2025.<\/p>\n\n\n\n<p>El m\u00e9todo empleado para la presente declaraci\u00f3n ha sido una autoevaluaci\u00f3n realizada por Marka Digital con el soporte del documento Informe_Revision_Accesibilidad_Sitios_web proporcionado por Red.es.<\/p>\n\n\n\n<p>\u00daltima revisi\u00f3n de la declaraci\u00f3n: 22 de mayo de 2025.<\/p>\n\n\n\n<h2 class=\"wp-block-heading\">OBSERVACIONES Y DATOS DE CONTACTO<\/h2>\n\n\n\n<h3 class=\"wp-block-heading\"><strong>Comunicaciones sobre requisitos de accesibilidad<\/strong><\/h3>\n\n\n\n<p>Puede realizar&nbsp;comunicaciones&nbsp;sobre requisitos de accesibilidad (art\u00edculo 10.2.a del RD 1112\/2018) como, por ejemplo:<\/p>\n\n\n\n<ul class=\"wp-block-list\">\n<li>informar sobre cualquier posible incumplimiento por parte de este sitio web<\/li>\n\n\n\n<li>transmitir otras\u00a0dificultades de acceso\u00a0al contenido<\/li>\n\n\n\n<li>formular cualquier otra\u00a0consulta o sugerencia de mejora\u00a0relativa a la accesibilidad del sitio web<\/li>\n<\/ul>\n\n\n\n<p>a trav\u00e9s del\u00a0formulario de\u00a0contacto\u00a0de nuestra web.<\/p>\n\n\n\n<p>Las comunicaciones ser\u00e1n recibidas y tratadas por Pablo Casta\u00f1o Tierno.<\/p>\n\n\n\n<h3 class=\"wp-block-heading\"><strong>Solicitudes de informaci\u00f3n accesible y quejas<\/strong><\/h3>\n\n\n\n<p>A trav\u00e9s del&nbsp;formulario de&nbsp;<a href=\"https:\/\/cettrabajossolidarios.com\/contacto\/\">contacto&nbsp;<\/a>puede presentar:<\/p>\n\n\n\n<ul class=\"wp-block-list\">\n<li>una Queja relativa al cumplimiento de los requisitos del RD 1112\/2018 o<\/li>\n\n\n\n<li>una Solicitud de Informaci\u00f3n accesible relativa a:\n<ul class=\"wp-block-list\">\n<li>contenidos que est\u00e1n excluidos del \u00e1mbito de aplicaci\u00f3n del RD 1112\/2018 seg\u00fan lo establecido por el art\u00edculo 3, apartado 4<\/li>\n\n\n\n<li>contenidos que est\u00e1n exentos del cumplimiento de los requisitos de accesibilidad por imponer una carga desproporcionada.<\/li>\n<\/ul>\n<\/li>\n<\/ul>\n\n\n\n<p>En la Solicitud de informaci\u00f3n accesible, se debe concretar, con toda claridad, los hechos, razones y petici\u00f3n que permitan constatar que se trata de una solicitud razonable y leg\u00edtima.<\/p>\n\n\n\n<h2 class=\"wp-block-heading\">PROCEDIMIENTO DE APLICACI\u00d3N<\/h2>\n\n\n\n<p>Si una vez realizada una solicitud de informaci\u00f3n accesible o queja, \u00e9sta hubiera sido desestimada, no se estuviera de acuerdo con la decisi\u00f3n adoptada, o la respuesta no cumpliera los requisitos contemplados en el art\u00edculo 12.5 del RD 1112\/2018, la persona interesada podr\u00e1 iniciar una reclamaci\u00f3n. Igualmente se podr\u00e1 iniciar una reclamaci\u00f3n en el caso de no haber obtenido respuesta.<\/p>\n\n\n\n<p>El procedimiento reclamaci\u00f3n recogido en el art\u00edculo 13 del RD 1112\/2018, puede iniciarse a trav\u00e9s de&nbsp;<a href=\"https:\/\/sedeagpd.gob.es\/sede-electronica-web\/vistas\/formProcedimientoEntrada\/procedimientoEntradaAmpliado.jsf\">este enlace<\/a>.<\/p>\n\n\n\n<h2 class=\"wp-block-heading\">CONTENIDO OPCIONAL<\/h2>\n\n\n\n<p>El sitio web:<\/p>\n\n\n\n<ul class=\"wp-block-list\">\n<li>se ha dise\u00f1ado adapt\u00e1ndose a los est\u00e1ndares y normativas vigentes en relaci\u00f3n a la accesibilidad, cumpliendo con los puntos de verificaci\u00f3n de prioridad 2 (AA) definidos en la especificaci\u00f3n de Pautas de Accesibilidad al Contenido en la Web (WCAG 2.1)<\/li>\n\n\n\n<li>est\u00e1 optimizado para las \u00faltimas versiones vigentes de Chrome, Edge, Firefox, Safari y Opera<\/li>\n\n\n\n<li>est\u00e1 dise\u00f1ado para su correcta visualizaci\u00f3n en cualquier resoluci\u00f3n y dispositivo de escritorio, tabletas o m\u00f3viles\u00a0(dise\u00f1o\u00a0<em>responsive<\/em>)<\/li>\n\n\n\n<li>se ha realizado utilizando HTML5 como lenguaje de marcado y hojas de estilo CSS 3 para su dise\u00f1o<\/li>\n<\/ul>\n\n\n\n<p>Adem\u00e1s, se realiza un trabajo continuo de auditor\u00eda y revisi\u00f3n de contenidos para facilitar su interpretaci\u00f3n y mejorar la navegaci\u00f3n por el portal web.<\/p>","protected":false},"excerpt":{"rendered":"<p>Pablo Casta\u00f1o Tierno se ha comprometido a hacer accesibles sus sitios web\u00a0de conformidad con el\u00a0Real Decreto 1112\/2018, de 7 de septiembre, sobre accesibilidad de los sitios web y aplicaciones para dispositivos m\u00f3viles. SITUACI\u00d3N DE CUMPLIMIENTO Este sitio web es&nbsp;parcialmente conforme&nbsp;con el&nbsp;RD 1112\/2018&nbsp;debido a las excepciones y a la falta de conformidad de los aspectos que [&hellip;]<\/p>\n","protected":false},"author":2,"featured_media":0,"parent":0,"menu_order":0,"comment_status":"closed","ping_status":"closed","template":"","meta":{"site-sidebar-layout":"default","site-content-layout":"","ast-site-content-layout":"default","site-content-style":"default","site-sidebar-style":"default","ast-global-header-display":"","ast-banner-title-visibility":"","ast-main-header-display":"","ast-hfb-above-header-display":"","ast-hfb-below-header-display":"","ast-hfb-mobile-header-display":"","site-post-title":"","ast-breadcrumbs-content":"","ast-featured-img":"","footer-sml-layout":"","theme-transparent-header-meta":"","adv-header-id-meta":"","stick-header-meta":"","header-above-stick-meta":"","header-main-stick-meta":"","header-below-stick-meta":"","astra-migrate-meta-layouts":"set","ast-page-background-enabled":"default","ast-page-background-meta":{"desktop":{"background-color":"","background-image":"","background-repeat":"repeat","background-position":"center center","background-size":"auto","background-attachment":"scroll","background-type":"","background-media":"","overlay-type":"","overlay-color":"","overlay-opacity":"","overlay-gradient":""},"tablet":{"background-color":"","background-image":"","background-repeat":"repeat","background-position":"center center","background-size":"auto","background-attachment":"scroll","background-type":"","background-media":"","overlay-type":"","overlay-color":"","overlay-opacity":"","overlay-gradient":""},"mobile":{"background-color":"","background-image":"","background-repeat":"repeat","background-position":"center center","background-size":"auto","background-attachment":"scroll","background-type":"","background-media":"","overlay-type":"","overlay-color":"","overlay-opacity":"","overlay-gradient":""}},"ast-content-background-meta":{"desktop":{"background-color":"var(--ast-global-color-5)","background-image":"","background-repeat":"repeat","background-position":"center center","background-size":"auto","background-attachment":"scroll","background-type":"","background-media":"","overlay-type":"","overlay-color":"","overlay-opacity":"","overlay-gradient":""},"tablet":{"background-color":"var(--ast-global-color-5)","background-image":"","background-repeat":"repeat","background-position":"center center","background-size":"auto","background-attachment":"scroll","background-type":"","background-media":"","overlay-type":"","overlay-color":"","overlay-opacity":"","overlay-gradient":""},"mobile":{"background-color":"var(--ast-global-color-5)","background-image":"","background-repeat":"repeat","background-position":"center center","background-size":"auto","background-attachment":"scroll","background-type":"","background-media":"","overlay-type":"","overlay-color":"","overlay-opacity":"","overlay-gradient":""}},"footnotes":""},"class_list":["post-2947","page","type-page","status-publish","hentry"],"yoast_head":"<!-- This site is optimized with the Yoast SEO plugin v25.5 - https:\/\/yoast.com\/wordpress\/plugins\/seo\/ -->\n<title>Declaraci\u00f3n de accesibilidad - Pablo Casta\u00f1o Tierno<\/title>\n<meta name=\"robots\" content=\"index, follow, max-snippet:-1, max-image-preview:large, max-video-preview:-1\" \/>\n<link rel=\"canonical\" href=\"https:\/\/pablocastano.info\/en\/declaracion-de-accesibilidad\/\" \/>\n<meta property=\"og:locale\" content=\"en_US\" \/>\n<meta property=\"og:type\" content=\"article\" \/>\n<meta property=\"og:title\" content=\"Declaraci\u00f3n de accesibilidad - Pablo Casta\u00f1o Tierno\" \/>\n<meta property=\"og:description\" content=\"Pablo Casta\u00f1o Tierno se ha comprometido a hacer accesibles sus sitios web\u00a0de conformidad con el\u00a0Real Decreto 1112\/2018, de 7 de septiembre, sobre accesibilidad de los sitios web y aplicaciones para dispositivos m\u00f3viles. SITUACI\u00d3N DE CUMPLIMIENTO Este sitio web es&nbsp;parcialmente conforme&nbsp;con el&nbsp;RD 1112\/2018&nbsp;debido a las excepciones y a la falta de conformidad de los aspectos que [&hellip;]\" \/>\n<meta property=\"og:url\" content=\"https:\/\/pablocastano.info\/en\/declaracion-de-accesibilidad\/\" \/>\n<meta property=\"og:site_name\" content=\"Pablo Casta\u00f1o Tierno\" \/>\n<meta name=\"twitter:card\" content=\"summary_large_image\" \/>\n<meta name=\"twitter:label1\" content=\"Est. reading time\" \/>\n\t<meta name=\"twitter:data1\" content=\"6 minutes\" \/>\n<script type=\"application\/ld+json\" class=\"yoast-schema-graph\">{\"@context\":\"https:\/\/schema.org\",\"@graph\":[{\"@type\":\"WebPage\",\"@id\":\"https:\/\/pablocastano.info\/declaracion-de-accesibilidad\/\",\"url\":\"https:\/\/pablocastano.info\/declaracion-de-accesibilidad\/\",\"name\":\"Declaraci\u00f3n de accesibilidad - Pablo Casta\u00f1o Tierno\",\"isPartOf\":{\"@id\":\"https:\/\/pablocastano.info\/#website\"},\"datePublished\":\"2025-05-22T09:41:35+00:00\",\"breadcrumb\":{\"@id\":\"https:\/\/pablocastano.info\/declaracion-de-accesibilidad\/#breadcrumb\"},\"inLanguage\":\"en-US\",\"potentialAction\":[{\"@type\":\"ReadAction\",\"target\":[\"https:\/\/pablocastano.info\/declaracion-de-accesibilidad\/\"]}]},{\"@type\":\"BreadcrumbList\",\"@id\":\"https:\/\/pablocastano.info\/declaracion-de-accesibilidad\/#breadcrumb\",\"itemListElement\":[{\"@type\":\"ListItem\",\"position\":1,\"name\":\"Portada\",\"item\":\"https:\/\/pablocastano.info\/\"},{\"@type\":\"ListItem\",\"position\":2,\"name\":\"Declaraci\u00f3n de accesibilidad\"}]},{\"@type\":\"WebSite\",\"@id\":\"https:\/\/pablocastano.info\/#website\",\"url\":\"https:\/\/pablocastano.info\/\",\"name\":\"Pablo Casta\u00f1o Tierno\",\"description\":\"Periodista\",\"publisher\":{\"@id\":\"https:\/\/pablocastano.info\/#organization\"},\"potentialAction\":[{\"@type\":\"SearchAction\",\"target\":{\"@type\":\"EntryPoint\",\"urlTemplate\":\"https:\/\/pablocastano.info\/?s={search_term_string}\"},\"query-input\":{\"@type\":\"PropertyValueSpecification\",\"valueRequired\":true,\"valueName\":\"search_term_string\"}}],\"inLanguage\":\"en-US\"},{\"@type\":\"Organization\",\"@id\":\"https:\/\/pablocastano.info\/#organization\",\"name\":\"Pablo Casta\u00f1o Tierno\",\"url\":\"https:\/\/pablocastano.info\/\",\"logo\":{\"@type\":\"ImageObject\",\"inLanguage\":\"en-US\",\"@id\":\"https:\/\/pablocastano.info\/#\/schema\/logo\/image\/\",\"url\":\"https:\/\/pablocastano.info\/wp-content\/uploads\/2025\/04\/cropped-Logo-Pablo-castano-periodista.png\",\"contentUrl\":\"https:\/\/pablocastano.info\/wp-content\/uploads\/2025\/04\/cropped-Logo-Pablo-castano-periodista.png\",\"width\":375,\"height\":362,\"caption\":\"Pablo Casta\u00f1o Tierno\"},\"image\":{\"@id\":\"https:\/\/pablocastano.info\/#\/schema\/logo\/image\/\"}}]}<\/script>\n<!-- \/ Yoast SEO plugin. -->","yoast_head_json":{"title":"Declaraci\u00f3n de accesibilidad - Pablo Casta\u00f1o Tierno","robots":{"index":"index","follow":"follow","max-snippet":"max-snippet:-1","max-image-preview":"max-image-preview:large","max-video-preview":"max-video-preview:-1"},"canonical":"https:\/\/pablocastano.info\/en\/declaracion-de-accesibilidad\/","og_locale":"en_US","og_type":"article","og_title":"Declaraci\u00f3n de accesibilidad - Pablo Casta\u00f1o Tierno","og_description":"Pablo Casta\u00f1o Tierno se ha comprometido a hacer accesibles sus sitios web\u00a0de conformidad con el\u00a0Real Decreto 1112\/2018, de 7 de septiembre, sobre accesibilidad de los sitios web y aplicaciones para dispositivos m\u00f3viles. SITUACI\u00d3N DE CUMPLIMIENTO Este sitio web es&nbsp;parcialmente conforme&nbsp;con el&nbsp;RD 1112\/2018&nbsp;debido a las excepciones y a la falta de conformidad de los aspectos que [&hellip;]","og_url":"https:\/\/pablocastano.info\/en\/declaracion-de-accesibilidad\/","og_site_name":"Pablo Casta\u00f1o Tierno","twitter_card":"summary_large_image","twitter_misc":{"Est. reading time":"6 minutes"},"schema":{"@context":"https:\/\/schema.org","@graph":[{"@type":"WebPage","@id":"https:\/\/pablocastano.info\/declaracion-de-accesibilidad\/","url":"https:\/\/pablocastano.info\/declaracion-de-accesibilidad\/","name":"Declaraci\u00f3n de accesibilidad - Pablo Casta\u00f1o Tierno","isPartOf":{"@id":"https:\/\/pablocastano.info\/#website"},"datePublished":"2025-05-22T09:41:35+00:00","breadcrumb":{"@id":"https:\/\/pablocastano.info\/declaracion-de-accesibilidad\/#breadcrumb"},"inLanguage":"en-US","potentialAction":[{"@type":"ReadAction","target":["https:\/\/pablocastano.info\/declaracion-de-accesibilidad\/"]}]},{"@type":"BreadcrumbList","@id":"https:\/\/pablocastano.info\/declaracion-de-accesibilidad\/#breadcrumb","itemListElement":[{"@type":"ListItem","position":1,"name":"Portada","item":"https:\/\/pablocastano.info\/"},{"@type":"ListItem","position":2,"name":"Declaraci\u00f3n de accesibilidad"}]},{"@type":"WebSite","@id":"https:\/\/pablocastano.info\/#website","url":"https:\/\/pablocastano.info\/","name":"Pablo Casta\u00f1o Tierno","description":"Periodista","publisher":{"@id":"https:\/\/pablocastano.info\/#organization"},"potentialAction":[{"@type":"SearchAction","target":{"@type":"EntryPoint","urlTemplate":"https:\/\/pablocastano.info\/?s={search_term_string}"},"query-input":{"@type":"PropertyValueSpecification","valueRequired":true,"valueName":"search_term_string"}}],"inLanguage":"en-US"},{"@type":"Organization","@id":"https:\/\/pablocastano.info\/#organization","name":"Pablo Casta\u00f1o Tierno","url":"https:\/\/pablocastano.info\/","logo":{"@type":"ImageObject","inLanguage":"en-US","@id":"https:\/\/pablocastano.info\/#\/schema\/logo\/image\/","url":"https:\/\/pablocastano.info\/wp-content\/uploads\/2025\/04\/cropped-Logo-Pablo-castano-periodista.png","contentUrl":"https:\/\/pablocastano.info\/wp-content\/uploads\/2025\/04\/cropped-Logo-Pablo-castano-periodista.png","width":375,"height":362,"caption":"Pablo Casta\u00f1o Tierno"},"image":{"@id":"https:\/\/pablocastano.info\/#\/schema\/logo\/image\/"}}]}},"_links":{"self":[{"href":"https:\/\/pablocastano.info\/en\/wp-json\/wp\/v2\/pages\/2947","targetHints":{"allow":["GET"]}}],"collection":[{"href":"https:\/\/pablocastano.info\/en\/wp-json\/wp\/v2\/pages"}],"about":[{"href":"https:\/\/pablocastano.info\/en\/wp-json\/wp\/v2\/types\/page"}],"author":[{"embeddable":true,"href":"https:\/\/pablocastano.info\/en\/wp-json\/wp\/v2\/users\/2"}],"replies":[{"embeddable":true,"href":"https:\/\/pablocastano.info\/en\/wp-json\/wp\/v2\/comments?post=2947"}],"version-history":[{"count":1,"href":"https:\/\/pablocastano.info\/en\/wp-json\/wp\/v2\/pages\/2947\/revisions"}],"predecessor-version":[{"id":2948,"href":"https:\/\/pablocastano.info\/en\/wp-json\/wp\/v2\/pages\/2947\/revisions\/2948"}],"wp:attachment":[{"href":"https:\/\/pablocastano.info\/en\/wp-json\/wp\/v2\/media?parent=2947"}],"curies":[{"name":"wp","href":"https:\/\/api.w.org\/{rel}","templated":true}]}}